{"id":208,"date":"2026-03-04T11:18:33","date_gmt":"2026-03-04T10:18:33","guid":{"rendered":"https:\/\/eventi.forbes.it\/pharma-awards-esg-2025\/?page_id=208"},"modified":"2026-03-04T11:27:00","modified_gmt":"2026-03-04T10:27:00","slug":"miglior-progetto-per-la-gestione-dellimpatto-delle-attivita-produttive-sullambiente-2","status":"publish","type":"page","link":"https:\/\/eventi.forbes.it\/pharma-awards-esg-2026\/categorie-awards\/miglior-progetto-per-la-gestione-dellimpatto-delle-attivita-produttive-sullambiente-2\/","title":{"rendered":"Miglior Progetto per la gestione dell&#8217;impatto delle attivit\u00e0 produttive sull&#8217;ambiente"},"content":{"rendered":"\n<p>La categoria &#8220;Miglior Progetto per la Gestione dell&#8217;Impatto delle Attivit\u00e0 Produttive sull&#8217;Ambiente&#8221; \u00e8 focalizzata sul riconoscimento di iniziative che affrontano in modo concreto le conseguenze ambientali delle attivit\u00e0 produttive. La sua essenza riguarda la capacit\u00e0 di un&#8217;organizzazione di ridurre e gestire gli effetti negativi che le sue operazioni hanno sull\u2019ambiente, adottando pratiche responsabili e soluzioni innovative.<\/p>\n\n\n\n<h2 class=\"wp-block-heading\">Obiettivo<\/h2>\n\n\n\n<p>Valorizzare i progetti che mirano a minimizzare i danni ecologici attraverso l\u2019impiego di tecnologie pulite, ottimizzando i processi produttivi, promuovendo il riciclo e gestendo in modo responsabile le risorse naturali.<\/p>\n\n\n\n<h2 class=\"wp-block-heading\">Esempi di iniziative premiate<\/h2>\n\n\n\n<p>Misure efficaci per ridurre l\u2019impatto ambientale in modo misurabile, quali il miglioramento&nbsp;<\/p>\n\n\n\n<p>dell\u2019efficienza energetica, la riduzione delle emissioni di gas serra, la gestione adeguata dei rifiuti industriali, e l\u2019utilizzo di materiali riciclati e sostenibili. Ogni azione deve essere documentata con risultati concreti.<\/p>\n\n\n\n<h2 class=\"wp-block-heading\">Criteri di merito<\/h2>\n\n\n\n<p>Sostenibilit\u00e0 del progetto. Azioni che non si limitano solo ai  cambiamenti immediati. La\u00a0sostenibilit\u00e0 a lungo termine del progetto \u00e8 cruciale. \u00c8 importante spiegare come le soluzioni\u00a0adottate possano essere mantenute nel tempo e ampliate in futuro.\u00a0La capacit\u00e0 di adattarsi alle normative ambientali in evoluzione e alle sfide future \u00e8 un altro\u00a0aspetto fondamentale per garantire che il progetto abbia un impatto duraturo.\u00a0<\/p>\n","protected":false},"excerpt":{"rendered":"<p>La categoria &#8220;Miglior Progetto per la Gestione dell&#8217;Impatto delle Attivit\u00e0 Produttive sull&#8217;Ambiente&#8221; \u00e8 focalizzata sul riconoscimento di iniziative che affrontano in modo concreto le conseguenze ambientali delle attivit\u00e0 produttive. La sua essenza riguarda la capacit\u00e0 di un&#8217;organizzazione di ridurre e gestire gli effetti negativi che le sue operazioni hanno sull\u2019ambiente, adottando pratiche responsabili e soluzioni [&hellip;]<\/p>\n","protected":false},"author":16,"featured_media":0,"parent":102,"menu_order":0,"comment_status":"closed","ping_status":"closed","template":"","meta":{"_acf_changed":false,"inline_featured_image":false,"footnotes":""},"class_list":["post-208","page","type-page","status-publish","hentry"],"acf":[],"yoast_head":"<!-- This site is optimized with the Yoast SEO plugin v27.5 - https:\/\/yoast.com\/product\/yoast-seo-wordpress\/ -->\n<title>Miglior Progetto per la gestione dell&#039;impatto delle attivit\u00e0 produttive sull&#039;ambiente - Forbes Pharma Awards ESG Sustainability 2026<\/title>\n<meta name=\"robots\" content=\"index, follow, max-snippet:-1, max-image-preview:large, max-video-preview:-1\" \/>\n<link rel=\"canonical\" href=\"https:\/\/eventi.forbes.it\/pharma-awards-esg-2026\/categorie-awards\/miglior-progetto-per-la-gestione-dellimpatto-delle-attivita-produttive-sullambiente-2\/\" \/>\n<meta property=\"og:locale\" content=\"it_IT\" \/>\n<meta property=\"og:type\" content=\"article\" \/>\n<meta property=\"og:title\" content=\"Miglior Progetto per la gestione dell&#039;impatto delle attivit\u00e0 produttive sull&#039;ambiente - Forbes Pharma Awards ESG Sustainability 2026\" \/>\n<meta property=\"og:description\" content=\"La categoria &#8220;Miglior Progetto per la Gestione dell&#8217;Impatto delle Attivit\u00e0 Produttive sull&#8217;Ambiente&#8221; \u00e8 focalizzata sul riconoscimento di iniziative che affrontano in modo concreto le conseguenze ambientali delle attivit\u00e0 produttive. La sua essenza riguarda la capacit\u00e0 di un&#8217;organizzazione di ridurre e gestire gli effetti negativi che le sue operazioni hanno sull\u2019ambiente, adottando pratiche responsabili e soluzioni [&hellip;]\" \/>\n<meta property=\"og:url\" content=\"https:\/\/eventi.forbes.it\/pharma-awards-esg-2026\/categorie-awards\/miglior-progetto-per-la-gestione-dellimpatto-delle-attivita-produttive-sullambiente-2\/\" \/>\n<meta property=\"og:site_name\" content=\"Forbes Pharma Awards ESG Sustainability 2026\" \/>\n<meta property=\"article:modified_time\" content=\"2026-03-04T10:27:00+00:00\" \/>\n<meta name=\"twitter:card\" content=\"summary_large_image\" \/>\n<meta name=\"twitter:label1\" content=\"Tempo di lettura stimato\" \/>\n\t<meta name=\"twitter:data1\" content=\"2 minuti\" \/>\n<script type=\"application\/ld+json\" class=\"yoast-schema-graph\">{\"@context\":\"https:\\\/\\\/schema.org\",\"@graph\":[{\"@type\":\"WebPage\",\"@id\":\"https:\\\/\\\/eventi.forbes.it\\\/pharma-awards-esg-2026\\\/categorie-awards\\\/miglior-progetto-per-la-gestione-dellimpatto-delle-attivita-produttive-sullambiente-2\\\/\",\"url\":\"https:\\\/\\\/eventi.forbes.it\\\/pharma-awards-esg-2026\\\/categorie-awards\\\/miglior-progetto-per-la-gestione-dellimpatto-delle-attivita-produttive-sullambiente-2\\\/\",\"name\":\"Miglior Progetto per la gestione dell'impatto delle attivit\u00e0 produttive sull'ambiente - Forbes Pharma Awards ESG Sustainability 2026\",\"isPartOf\":{\"@id\":\"https:\\\/\\\/eventi.forbes.it\\\/pharma-awards-esg-2026\\\/#website\"},\"datePublished\":\"2026-03-04T10:18:33+00:00\",\"dateModified\":\"2026-03-04T10:27:00+00:00\",\"breadcrumb\":{\"@id\":\"https:\\\/\\\/eventi.forbes.it\\\/pharma-awards-esg-2026\\\/categorie-awards\\\/miglior-progetto-per-la-gestione-dellimpatto-delle-attivita-produttive-sullambiente-2\\\/#breadcrumb\"},\"inLanguage\":\"it-IT\",\"potentialAction\":[{\"@type\":\"ReadAction\",\"target\":[\"https:\\\/\\\/eventi.forbes.it\\\/pharma-awards-esg-2026\\\/categorie-awards\\\/miglior-progetto-per-la-gestione-dellimpatto-delle-attivita-produttive-sullambiente-2\\\/\"]}]},{\"@type\":\"BreadcrumbList\",\"@id\":\"https:\\\/\\\/eventi.forbes.it\\\/pharma-awards-esg-2026\\\/categorie-awards\\\/miglior-progetto-per-la-gestione-dellimpatto-delle-attivita-produttive-sullambiente-2\\\/#breadcrumb\",\"itemListElement\":[{\"@type\":\"ListItem\",\"position\":1,\"name\":\"Home\",\"item\":\"https:\\\/\\\/eventi.forbes.it\\\/pharma-awards-esg-2026\\\/\"},{\"@type\":\"ListItem\",\"position\":2,\"name\":\"Categorie Awards\",\"item\":\"https:\\\/\\\/eventi.forbes.it\\\/pharma-awards-esg-2026\\\/categorie-awards\\\/\"},{\"@type\":\"ListItem\",\"position\":3,\"name\":\"Miglior Progetto per la gestione dell&#8217;impatto delle attivit\u00e0 produttive sull&#8217;ambiente\"}]},{\"@type\":\"WebSite\",\"@id\":\"https:\\\/\\\/eventi.forbes.it\\\/pharma-awards-esg-2026\\\/#website\",\"url\":\"https:\\\/\\\/eventi.forbes.it\\\/pharma-awards-esg-2026\\\/\",\"name\":\"Forbes Pharma Awards ESG Sustainability 2026\",\"description\":\"\",\"potentialAction\":[{\"@type\":\"SearchAction\",\"target\":{\"@type\":\"EntryPoint\",\"urlTemplate\":\"https:\\\/\\\/eventi.forbes.it\\\/pharma-awards-esg-2026\\\/?s={search_term_string}\"},\"query-input\":{\"@type\":\"PropertyValueSpecification\",\"valueRequired\":true,\"valueName\":\"search_term_string\"}}],\"inLanguage\":\"it-IT\"}]}<\/script>\n<!-- \/ Yoast SEO plugin. -->","yoast_head_json":{"title":"Miglior Progetto per la gestione dell'impatto delle attivit\u00e0 produttive sull'ambiente - Forbes Pharma Awards ESG Sustainability 2026","robots":{"index":"index","follow":"follow","max-snippet":"max-snippet:-1","max-image-preview":"max-image-preview:large","max-video-preview":"max-video-preview:-1"},"canonical":"https:\/\/eventi.forbes.it\/pharma-awards-esg-2026\/categorie-awards\/miglior-progetto-per-la-gestione-dellimpatto-delle-attivita-produttive-sullambiente-2\/","og_locale":"it_IT","og_type":"article","og_title":"Miglior Progetto per la gestione dell'impatto delle attivit\u00e0 produttive sull'ambiente - Forbes Pharma Awards ESG Sustainability 2026","og_description":"La categoria &#8220;Miglior Progetto per la Gestione dell&#8217;Impatto delle Attivit\u00e0 Produttive sull&#8217;Ambiente&#8221; \u00e8 focalizzata sul riconoscimento di iniziative che affrontano in modo concreto le conseguenze ambientali delle attivit\u00e0 produttive. La sua essenza riguarda la capacit\u00e0 di un&#8217;organizzazione di ridurre e gestire gli effetti negativi che le sue operazioni hanno sull\u2019ambiente, adottando pratiche responsabili e soluzioni [&hellip;]","og_url":"https:\/\/eventi.forbes.it\/pharma-awards-esg-2026\/categorie-awards\/miglior-progetto-per-la-gestione-dellimpatto-delle-attivita-produttive-sullambiente-2\/","og_site_name":"Forbes Pharma Awards ESG Sustainability 2026","article_modified_time":"2026-03-04T10:27:00+00:00","twitter_card":"summary_large_image","twitter_misc":{"Tempo di lettura stimato":"2 minuti"},"schema":{"@context":"https:\/\/schema.org","@graph":[{"@type":"WebPage","@id":"https:\/\/eventi.forbes.it\/pharma-awards-esg-2026\/categorie-awards\/miglior-progetto-per-la-gestione-dellimpatto-delle-attivita-produttive-sullambiente-2\/","url":"https:\/\/eventi.forbes.it\/pharma-awards-esg-2026\/categorie-awards\/miglior-progetto-per-la-gestione-dellimpatto-delle-attivita-produttive-sullambiente-2\/","name":"Miglior Progetto per la gestione dell'impatto delle attivit\u00e0 produttive sull'ambiente - Forbes Pharma Awards ESG Sustainability 2026","isPartOf":{"@id":"https:\/\/eventi.forbes.it\/pharma-awards-esg-2026\/#website"},"datePublished":"2026-03-04T10:18:33+00:00","dateModified":"2026-03-04T10:27:00+00:00","breadcrumb":{"@id":"https:\/\/eventi.forbes.it\/pharma-awards-esg-2026\/categorie-awards\/miglior-progetto-per-la-gestione-dellimpatto-delle-attivita-produttive-sullambiente-2\/#breadcrumb"},"inLanguage":"it-IT","potentialAction":[{"@type":"ReadAction","target":["https:\/\/eventi.forbes.it\/pharma-awards-esg-2026\/categorie-awards\/miglior-progetto-per-la-gestione-dellimpatto-delle-attivita-produttive-sullambiente-2\/"]}]},{"@type":"BreadcrumbList","@id":"https:\/\/eventi.forbes.it\/pharma-awards-esg-2026\/categorie-awards\/miglior-progetto-per-la-gestione-dellimpatto-delle-attivita-produttive-sullambiente-2\/#breadcrumb","itemListElement":[{"@type":"ListItem","position":1,"name":"Home","item":"https:\/\/eventi.forbes.it\/pharma-awards-esg-2026\/"},{"@type":"ListItem","position":2,"name":"Categorie Awards","item":"https:\/\/eventi.forbes.it\/pharma-awards-esg-2026\/categorie-awards\/"},{"@type":"ListItem","position":3,"name":"Miglior Progetto per la gestione dell&#8217;impatto delle attivit\u00e0 produttive sull&#8217;ambiente"}]},{"@type":"WebSite","@id":"https:\/\/eventi.forbes.it\/pharma-awards-esg-2026\/#website","url":"https:\/\/eventi.forbes.it\/pharma-awards-esg-2026\/","name":"Forbes Pharma Awards ESG Sustainability 2026","description":"","potentialAction":[{"@type":"SearchAction","target":{"@type":"EntryPoint","urlTemplate":"https:\/\/eventi.forbes.it\/pharma-awards-esg-2026\/?s={search_term_string}"},"query-input":{"@type":"PropertyValueSpecification","valueRequired":true,"valueName":"search_term_string"}}],"inLanguage":"it-IT"}]}},"_links":{"self":[{"href":"https:\/\/eventi.forbes.it\/pharma-awards-esg-2026\/wp-json\/wp\/v2\/pages\/208","targetHints":{"allow":["GET"]}}],"collection":[{"href":"https:\/\/eventi.forbes.it\/pharma-awards-esg-2026\/wp-json\/wp\/v2\/pages"}],"about":[{"href":"https:\/\/eventi.forbes.it\/pharma-awards-esg-2026\/wp-json\/wp\/v2\/types\/page"}],"author":[{"embeddable":true,"href":"https:\/\/eventi.forbes.it\/pharma-awards-esg-2026\/wp-json\/wp\/v2\/users\/16"}],"replies":[{"embeddable":true,"href":"https:\/\/eventi.forbes.it\/pharma-awards-esg-2026\/wp-json\/wp\/v2\/comments?post=208"}],"version-history":[{"count":1,"href":"https:\/\/eventi.forbes.it\/pharma-awards-esg-2026\/wp-json\/wp\/v2\/pages\/208\/revisions"}],"predecessor-version":[{"id":209,"href":"https:\/\/eventi.forbes.it\/pharma-awards-esg-2026\/wp-json\/wp\/v2\/pages\/208\/revisions\/209"}],"up":[{"embeddable":true,"href":"https:\/\/eventi.forbes.it\/pharma-awards-esg-2026\/wp-json\/wp\/v2\/pages\/102"}],"wp:attachment":[{"href":"https:\/\/eventi.forbes.it\/pharma-awards-esg-2026\/wp-json\/wp\/v2\/media?parent=208"}],"curies":[{"name":"wp","href":"https:\/\/api.w.org\/{rel}","templated":true}]}}