{"id":250,"date":"2026-03-04T12:51:30","date_gmt":"2026-03-04T11:51:30","guid":{"rendered":"https:\/\/eventi.forbes.it\/pharma-awards-esg-2026\/?page_id=250"},"modified":"2026-03-04T12:52:04","modified_gmt":"2026-03-04T11:52:04","slug":"miglior-progetto-dedicato-a-responsabilizzazione-di-pazienti-e-cittadini","status":"publish","type":"page","link":"https:\/\/eventi.forbes.it\/pharma-awards-esg-2026\/categorie-awards\/miglior-progetto-dedicato-a-responsabilizzazione-di-pazienti-e-cittadini\/","title":{"rendered":"Miglior progetto dedicato a responsabilizzazione di pazienti e cittadini"},"content":{"rendered":"\n<p>La categoria &#8220;Miglior Progetto Dedicato a Responsabilizzazione ed Empowerment di Pazienti e Cittadini&#8221; riconosce le iniziative che promuovono un cambiamento significativo nel modo in cui i<br>pazienti e i cittadini partecipano al proprio percorso di cura e alle decisioni sanitarie, promuovendo un sistema sanitario pi\u00f9 partecipativo, informato e autonomo.<br>In particolare, questa categoria valorizza i progetti che rafforzano la capacit\u00e0 delle persone di prendere decisioni informate riguardo alla loro salute e benessere, stimolando una partecipazione attiva e consapevole nel processo di cura. Si tratta di iniziative che mirano a migliorare l&#8217;autonomia dei cittadini e dei pazienti, rendendoli protagonisti nella gestione della propria salute e nel contesto delle politiche sanitarie pi\u00f9 ampie.<\/p>\n\n\n\n<h2 class=\"wp-block-heading\">Obiettivo<\/h2>\n\n\n\n<p>Valorizzare un progetto che abbia concretamente contribuito a ridurre le barriere all&#8217;empowerment dei pazienti, fornendo loro gli strumenti necessari per migliorare la propria consapevolezza e capacit\u00e0 decisionale.<\/p>\n\n\n\n<h2 class=\"wp-block-heading\">Esempi di iniziative premiate<\/h2>\n\n\n\n<p>Adozione di tecnologie innovative come piattaforme digitali per il supporto e l&#8217;accesso alle informazioni sanitarie, programmi educativi mirati ad aumentare la conoscenza del proprio stato<br>di salute, o iniziative che incoraggiano una comunicazione diretta tra pazienti e professionisti sanitari, affinch\u00e9 i pazienti possano prendere decisioni informate riguardo al loro trattamento e<br>partecipare attivamente al percorso di cura.<\/p>\n\n\n\n<h2 class=\"wp-block-heading\">Criteri di merito<\/h2>\n\n\n\n<p>Tangibilit\u00e0 dei benefici, ossia l\u2019esistenza di dati che misurano l\u2019efficacia delle iniziative e la disponibilit\u00e0 di testimonianze concrete, come storie di pazienti Sostenibilit\u00e0. \u00c8 fondamentale mostrare come l&#8217;empowerment dei pazienti possa continuare a<br>produrre effetti positivi nel lungo periodo, e come il progetto possa essere scalato e replicato in altre realt\u00e0.<\/p>\n","protected":false},"excerpt":{"rendered":"<p>La categoria &#8220;Miglior Progetto Dedicato a Responsabilizzazione ed Empowerment di Pazienti e Cittadini&#8221; riconosce le iniziative che promuovono un cambiamento significativo nel modo in cui ipazienti e i cittadini partecipano al proprio percorso di cura e alle decisioni sanitarie, promuovendo un sistema sanitario pi\u00f9 partecipativo, informato e autonomo.In particolare, questa categoria valorizza i progetti che [&hellip;]<\/p>\n","protected":false},"author":16,"featured_media":0,"parent":102,"menu_order":0,"comment_status":"closed","ping_status":"closed","template":"","meta":{"_acf_changed":false,"inline_featured_image":false,"footnotes":""},"class_list":["post-250","page","type-page","status-publish","hentry"],"acf":[],"yoast_head":"<!-- This site is optimized with the Yoast SEO plugin v27.5 - https:\/\/yoast.com\/product\/yoast-seo-wordpress\/ -->\n<title>Miglior progetto dedicato a responsabilizzazione di pazienti e cittadini - Forbes Pharma Awards ESG Sustainability 2026<\/title>\n<meta name=\"robots\" content=\"index, follow, max-snippet:-1, max-image-preview:large, max-video-preview:-1\" \/>\n<link rel=\"canonical\" href=\"https:\/\/eventi.forbes.it\/pharma-awards-esg-2026\/categorie-awards\/miglior-progetto-dedicato-a-responsabilizzazione-di-pazienti-e-cittadini\/\" \/>\n<meta property=\"og:locale\" content=\"it_IT\" \/>\n<meta property=\"og:type\" content=\"article\" \/>\n<meta property=\"og:title\" content=\"Miglior progetto dedicato a responsabilizzazione di pazienti e cittadini - Forbes Pharma Awards ESG Sustainability 2026\" \/>\n<meta property=\"og:description\" content=\"La categoria &#8220;Miglior Progetto Dedicato a Responsabilizzazione ed Empowerment di Pazienti e Cittadini&#8221; riconosce le iniziative che promuovono un cambiamento significativo nel modo in cui ipazienti e i cittadini partecipano al proprio percorso di cura e alle decisioni sanitarie, promuovendo un sistema sanitario pi\u00f9 partecipativo, informato e autonomo.In particolare, questa categoria valorizza i progetti che [&hellip;]\" \/>\n<meta property=\"og:url\" content=\"https:\/\/eventi.forbes.it\/pharma-awards-esg-2026\/categorie-awards\/miglior-progetto-dedicato-a-responsabilizzazione-di-pazienti-e-cittadini\/\" \/>\n<meta property=\"og:site_name\" content=\"Forbes Pharma Awards ESG Sustainability 2026\" \/>\n<meta property=\"article:modified_time\" content=\"2026-03-04T11:52:04+00:00\" \/>\n<meta name=\"twitter:card\" content=\"summary_large_image\" \/>\n<meta name=\"twitter:label1\" content=\"Tempo di lettura stimato\" \/>\n\t<meta name=\"twitter:data1\" content=\"2 minuti\" \/>\n<script type=\"application\/ld+json\" class=\"yoast-schema-graph\">{\"@context\":\"https:\\\/\\\/schema.org\",\"@graph\":[{\"@type\":\"WebPage\",\"@id\":\"https:\\\/\\\/eventi.forbes.it\\\/pharma-awards-esg-2026\\\/categorie-awards\\\/miglior-progetto-dedicato-a-responsabilizzazione-di-pazienti-e-cittadini\\\/\",\"url\":\"https:\\\/\\\/eventi.forbes.it\\\/pharma-awards-esg-2026\\\/categorie-awards\\\/miglior-progetto-dedicato-a-responsabilizzazione-di-pazienti-e-cittadini\\\/\",\"name\":\"Miglior progetto dedicato a responsabilizzazione di pazienti e cittadini - Forbes Pharma Awards ESG Sustainability 2026\",\"isPartOf\":{\"@id\":\"https:\\\/\\\/eventi.forbes.it\\\/pharma-awards-esg-2026\\\/#website\"},\"datePublished\":\"2026-03-04T11:51:30+00:00\",\"dateModified\":\"2026-03-04T11:52:04+00:00\",\"breadcrumb\":{\"@id\":\"https:\\\/\\\/eventi.forbes.it\\\/pharma-awards-esg-2026\\\/categorie-awards\\\/miglior-progetto-dedicato-a-responsabilizzazione-di-pazienti-e-cittadini\\\/#breadcrumb\"},\"inLanguage\":\"it-IT\",\"potentialAction\":[{\"@type\":\"ReadAction\",\"target\":[\"https:\\\/\\\/eventi.forbes.it\\\/pharma-awards-esg-2026\\\/categorie-awards\\\/miglior-progetto-dedicato-a-responsabilizzazione-di-pazienti-e-cittadini\\\/\"]}]},{\"@type\":\"BreadcrumbList\",\"@id\":\"https:\\\/\\\/eventi.forbes.it\\\/pharma-awards-esg-2026\\\/categorie-awards\\\/miglior-progetto-dedicato-a-responsabilizzazione-di-pazienti-e-cittadini\\\/#breadcrumb\",\"itemListElement\":[{\"@type\":\"ListItem\",\"position\":1,\"name\":\"Home\",\"item\":\"https:\\\/\\\/eventi.forbes.it\\\/pharma-awards-esg-2026\\\/\"},{\"@type\":\"ListItem\",\"position\":2,\"name\":\"Categorie Awards\",\"item\":\"https:\\\/\\\/eventi.forbes.it\\\/pharma-awards-esg-2026\\\/categorie-awards\\\/\"},{\"@type\":\"ListItem\",\"position\":3,\"name\":\"Miglior progetto dedicato a responsabilizzazione di pazienti e cittadini\"}]},{\"@type\":\"WebSite\",\"@id\":\"https:\\\/\\\/eventi.forbes.it\\\/pharma-awards-esg-2026\\\/#website\",\"url\":\"https:\\\/\\\/eventi.forbes.it\\\/pharma-awards-esg-2026\\\/\",\"name\":\"Forbes Pharma Awards ESG Sustainability 2026\",\"description\":\"\",\"potentialAction\":[{\"@type\":\"SearchAction\",\"target\":{\"@type\":\"EntryPoint\",\"urlTemplate\":\"https:\\\/\\\/eventi.forbes.it\\\/pharma-awards-esg-2026\\\/?s={search_term_string}\"},\"query-input\":{\"@type\":\"PropertyValueSpecification\",\"valueRequired\":true,\"valueName\":\"search_term_string\"}}],\"inLanguage\":\"it-IT\"}]}<\/script>\n<!-- \/ Yoast SEO plugin. -->","yoast_head_json":{"title":"Miglior progetto dedicato a responsabilizzazione di pazienti e cittadini - Forbes Pharma Awards ESG Sustainability 2026","robots":{"index":"index","follow":"follow","max-snippet":"max-snippet:-1","max-image-preview":"max-image-preview:large","max-video-preview":"max-video-preview:-1"},"canonical":"https:\/\/eventi.forbes.it\/pharma-awards-esg-2026\/categorie-awards\/miglior-progetto-dedicato-a-responsabilizzazione-di-pazienti-e-cittadini\/","og_locale":"it_IT","og_type":"article","og_title":"Miglior progetto dedicato a responsabilizzazione di pazienti e cittadini - Forbes Pharma Awards ESG Sustainability 2026","og_description":"La categoria &#8220;Miglior Progetto Dedicato a Responsabilizzazione ed Empowerment di Pazienti e Cittadini&#8221; riconosce le iniziative che promuovono un cambiamento significativo nel modo in cui ipazienti e i cittadini partecipano al proprio percorso di cura e alle decisioni sanitarie, promuovendo un sistema sanitario pi\u00f9 partecipativo, informato e autonomo.In particolare, questa categoria valorizza i progetti che [&hellip;]","og_url":"https:\/\/eventi.forbes.it\/pharma-awards-esg-2026\/categorie-awards\/miglior-progetto-dedicato-a-responsabilizzazione-di-pazienti-e-cittadini\/","og_site_name":"Forbes Pharma Awards ESG Sustainability 2026","article_modified_time":"2026-03-04T11:52:04+00:00","twitter_card":"summary_large_image","twitter_misc":{"Tempo di lettura stimato":"2 minuti"},"schema":{"@context":"https:\/\/schema.org","@graph":[{"@type":"WebPage","@id":"https:\/\/eventi.forbes.it\/pharma-awards-esg-2026\/categorie-awards\/miglior-progetto-dedicato-a-responsabilizzazione-di-pazienti-e-cittadini\/","url":"https:\/\/eventi.forbes.it\/pharma-awards-esg-2026\/categorie-awards\/miglior-progetto-dedicato-a-responsabilizzazione-di-pazienti-e-cittadini\/","name":"Miglior progetto dedicato a responsabilizzazione di pazienti e cittadini - Forbes Pharma Awards ESG Sustainability 2026","isPartOf":{"@id":"https:\/\/eventi.forbes.it\/pharma-awards-esg-2026\/#website"},"datePublished":"2026-03-04T11:51:30+00:00","dateModified":"2026-03-04T11:52:04+00:00","breadcrumb":{"@id":"https:\/\/eventi.forbes.it\/pharma-awards-esg-2026\/categorie-awards\/miglior-progetto-dedicato-a-responsabilizzazione-di-pazienti-e-cittadini\/#breadcrumb"},"inLanguage":"it-IT","potentialAction":[{"@type":"ReadAction","target":["https:\/\/eventi.forbes.it\/pharma-awards-esg-2026\/categorie-awards\/miglior-progetto-dedicato-a-responsabilizzazione-di-pazienti-e-cittadini\/"]}]},{"@type":"BreadcrumbList","@id":"https:\/\/eventi.forbes.it\/pharma-awards-esg-2026\/categorie-awards\/miglior-progetto-dedicato-a-responsabilizzazione-di-pazienti-e-cittadini\/#breadcrumb","itemListElement":[{"@type":"ListItem","position":1,"name":"Home","item":"https:\/\/eventi.forbes.it\/pharma-awards-esg-2026\/"},{"@type":"ListItem","position":2,"name":"Categorie Awards","item":"https:\/\/eventi.forbes.it\/pharma-awards-esg-2026\/categorie-awards\/"},{"@type":"ListItem","position":3,"name":"Miglior progetto dedicato a responsabilizzazione di pazienti e cittadini"}]},{"@type":"WebSite","@id":"https:\/\/eventi.forbes.it\/pharma-awards-esg-2026\/#website","url":"https:\/\/eventi.forbes.it\/pharma-awards-esg-2026\/","name":"Forbes Pharma Awards ESG Sustainability 2026","description":"","potentialAction":[{"@type":"SearchAction","target":{"@type":"EntryPoint","urlTemplate":"https:\/\/eventi.forbes.it\/pharma-awards-esg-2026\/?s={search_term_string}"},"query-input":{"@type":"PropertyValueSpecification","valueRequired":true,"valueName":"search_term_string"}}],"inLanguage":"it-IT"}]}},"_links":{"self":[{"href":"https:\/\/eventi.forbes.it\/pharma-awards-esg-2026\/wp-json\/wp\/v2\/pages\/250","targetHints":{"allow":["GET"]}}],"collection":[{"href":"https:\/\/eventi.forbes.it\/pharma-awards-esg-2026\/wp-json\/wp\/v2\/pages"}],"about":[{"href":"https:\/\/eventi.forbes.it\/pharma-awards-esg-2026\/wp-json\/wp\/v2\/types\/page"}],"author":[{"embeddable":true,"href":"https:\/\/eventi.forbes.it\/pharma-awards-esg-2026\/wp-json\/wp\/v2\/users\/16"}],"replies":[{"embeddable":true,"href":"https:\/\/eventi.forbes.it\/pharma-awards-esg-2026\/wp-json\/wp\/v2\/comments?post=250"}],"version-history":[{"count":1,"href":"https:\/\/eventi.forbes.it\/pharma-awards-esg-2026\/wp-json\/wp\/v2\/pages\/250\/revisions"}],"predecessor-version":[{"id":251,"href":"https:\/\/eventi.forbes.it\/pharma-awards-esg-2026\/wp-json\/wp\/v2\/pages\/250\/revisions\/251"}],"up":[{"embeddable":true,"href":"https:\/\/eventi.forbes.it\/pharma-awards-esg-2026\/wp-json\/wp\/v2\/pages\/102"}],"wp:attachment":[{"href":"https:\/\/eventi.forbes.it\/pharma-awards-esg-2026\/wp-json\/wp\/v2\/media?parent=250"}],"curies":[{"name":"wp","href":"https:\/\/api.w.org\/{rel}","templated":true}]}}