{"id":3981,"date":"2025-09-04T03:28:46","date_gmt":"2025-09-04T01:28:46","guid":{"rendered":"https:\/\/eventi.forbes.it\/top-creators-awards\/?page_id=3981"},"modified":"2025-09-09T17:24:51","modified_gmt":"2025-09-09T15:24:51","slug":"contest-e-partecipazione","status":"publish","type":"page","link":"https:\/\/eventi.forbes.it\/top-creators-awards\/contest-e-partecipazione\/","title":{"rendered":"Contest e Partecipazione"},"content":{"rendered":"\n<div class=\"wp-block-group margin-content has-white-color has-text-color has-link-color wp-elements-bdd262b0b0e0bb9d49471be6f1575af1 is-vertical is-content-justification-center is-layout-flex wp-container-core-group-is-layout-4b2eccd6 wp-block-group-is-layout-flex\">\n<div class=\"wp-block-group padding-10b is-content-justification-space-between is-nowrap is-layout-flex wp-container-core-group-is-layout-0dfbf163 wp-block-group-is-layout-flex\">\n<figure class=\"wp-block-image size-large is-resized padding-20r\" id=\"top-logos\"><a href=\"https:\/\/eventi.forbes.it\/top-creators-awards\/\"><img decoding=\"async\" src=\"http:\/\/eventi.forbes.it\/top-creators-awards\/wp-content\/uploads\/sites\/5\/2024\/05\/Logo-Forbes-Italia-Bianco.svg\" alt=\"\" class=\"wp-image-3672\" style=\"width:130px\"\/><\/a><\/figure>\n\n\n\n<div id=\"vertical-line-l\"><\/div>\n\n\n\n<figure class=\"wp-block-image size-large is-resized padding-20l\" id=\"top-logos\"><a href=\"https:\/\/eventi.forbes.it\/top-creators-awards\/\"><img decoding=\"async\" src=\"http:\/\/eventi.forbes.it\/top-creators-awards\/wp-content\/uploads\/sites\/5\/2024\/05\/Logo-Buzzoole-bianco.svg\" alt=\"\" class=\"wp-image-3683\" style=\"width:140px\"\/><\/a><\/figure>\n<\/div>\n\n\n\n<figure class=\"wp-block-image size-large is-resized padding-20t padding-20b\" id=\"tca-logo\"><img decoding=\"async\" src=\"https:\/\/eventi.forbes.it\/top-creators-awards\/wp-content\/uploads\/sites\/5\/2025\/09\/Logo-TCA.svg\" alt=\"\" class=\"wp-image-3787\" style=\"width:300px\"\/><\/figure>\n\n\n\n<p class=\"has-text-align-center has-white-color has-text-color has-link-color wp-elements-336426803b961e8236f05ef6b21f660a\" id=\"description-text-1\" style=\"font-size:18px;font-style:normal;font-weight:500\">Forbes Italia e Buzzoole premiano i protagonisti della creator economy, <br> tra nuovi talenti e volti affermati.<\/p>\n\n\n\n<hr class=\"wp-block-separator has-alpha-channel-opacity\"\/>\n\n\n\n<p class=\"has-text-align-center padding-10b has-white-color has-text-color has-link-color wp-elements-de4081b76c7c565087aeb440a442246e\" id=\"description-text-2\" style=\"font-size:18px;font-style:normal;font-weight:500\">Quest\u2019anno il contest introduce due nuove categorie speciali<br> dedicate a chi sa unire creativit\u00e0, autenticit\u00e0 e performance:<\/p>\n\n\n\n<div class=\"wp-block-columns padding-10b is-layout-flex wp-container-core-columns-is-layout-9d6595d7 wp-block-columns-is-layout-flex\">\n<div class=\"wp-block-column column-border is-layout-flow wp-block-column-is-layout-flow\">\n<p class=\"has-text-align-center has-text-color has-background has-link-color has-medium-font-size wp-elements-5982965c4d8cb8749f07ea95f9c67ef3\" style=\"color:#008450;background-color:#fae7eb;font-style:normal;font-weight:800\"><strong>UGC<\/strong><\/p>\n\n\n\n<p class=\"has-text-align-center\" style=\"font-size:16px;font-style:normal;font-weight:500\">Trasforma autenticit\u00e0 e stile in contenuti che ispirano.<\/p>\n<\/div>\n\n\n\n<div class=\"wp-block-column column-border is-layout-flow wp-block-column-is-layout-flow\">\n<p class=\"has-text-align-center has-text-color has-background has-link-color has-medium-font-size wp-elements-4146fbd1d27b198104416a8c55ee0e66\" style=\"color:#008450;background-color:#fae7eb;font-style:normal;font-weight:800\">TikTok Shop<\/p>\n\n\n\n<p class=\"has-text-align-center padding5\" style=\"font-size:16px;font-style:normal;font-weight:500\">Promuovi prodotti in modo originale e coinvolgente.<\/p>\n<\/div>\n<\/div>\n\n\n\n<style>\n.accordion {\n  background-color: #FFFFFF;\n  color: #008450;\n  cursor: pointer;\n  padding: 15px 20px;\n  text-align: left;\n  border: 2px solid #008450;\n  border-radius: 5px;\n  font-size: 18px;\n  font-weight: bold;\n  transition: background 0.3s;\n  display: inline-block; \/* bottone largo quanto il testo *\/\n}\n\n.accordion.active { background-color: #f9f9f9; }\n\n.panel {\n  height: 0;              \/* chiuso all'inizio *\/\n  overflow: hidden;\n  padding: 0 20px;        \/* niente padding verticale da chiuso *\/\n  background-color: #FFFFFF;\n  border-radius: 0 0 5px 5px;\n  color: #008450;\n  font-size: 16px;\nfont-weight: 400;\n  line-height: 1.5;\n  transition: height 0.35s ease, padding 0.25s ease;\n}\n\n.panel[aria-hidden=\"false\"] {\n  border: 2px solid #FFFFFF;\n  border-radius: 0 0 5px 5px;\n}\n<\/style>\n\n<button class=\"accordion\">+ Come partecipare<\/button>\n<div class=\"panel\" aria-hidden=\"true\">\n  <p>\n    Cliccando su <strong>CANDIDATI ORA<\/strong> verrai indirizzato al sito di Buzzoole dove potrai iscriverti e attraverso cui potrai partecipare al contest per le categorie UGC e TikTok Shop.\n    <br><br>\n    Assicurati di completare l&#8217;iscrizione a Buzzoole partendo da questa pagina, quindi nella stessa sessione.\n    <br><br>\n    Una volta completata l&#8217;iscrizione e aggiunto i tuoi profili social nell&#8217;APP, dovrai attendere l&#8217;invito a partecipare al contest (un invito per ciascuna categoria), che dovrai accettare e che conterr\u00e0 tutte le informazioni per proseguire con la tua partecipazione all&#8217;iniziativa (l&#8217;invito viene inviato entro 2 giorni lavorativi dal completamento dell&#8217;iscrizione).\n  <\/p>\n<\/div>\n\n<script>\ndocument.querySelectorAll(\".accordion\").forEach(button => {\n  const panel = button.nextElementSibling;\n\n  button.addEventListener(\"click\", function () {\n    const isOpen = panel.getAttribute(\"aria-hidden\") === \"false\";\n\n    if (isOpen) {\n      \/\/ CHIUSURA: da altezza attuale a 0\n      panel.style.height = panel.scrollHeight + \"px\"; \/\/ fissa altezza corrente\n      \/\/ forziamo un repaint prima di andare a 0\n      requestAnimationFrame(() => {\n        panel.style.height = \"0px\";\n        panel.style.paddingTop = \"0\";\n        panel.style.paddingBottom = \"0\";\n      });\n      panel.setAttribute(\"aria-hidden\", \"true\");\n      button.classList.remove(\"active\");\n      button.textContent = \"+ Come partecipare\";\n    } else {\n      \n      panel.style.height = panel.scrollHeight + \"px\";\n      panel.style.paddingTop = \"15px\";\n      panel.style.paddingBottom = \"15px\";\n      panel.setAttribute(\"aria-hidden\", \"false\");\n      button.classList.add(\"active\");\n      button.textContent = \"\u2212 Istruzioni per partecipare\";\n\n      \n      const onTransitionEnd = (e) => {\n        if (e.propertyName === \"height\") {\n          panel.style.height = \"auto\";\n          panel.removeEventListener(\"transitionend\", onTransitionEnd);\n        }\n      };\n      panel.addEventListener(\"transitionend\", onTransitionEnd);\n    }\n  });\n});\n<\/script>\n\n\n\n<p class=\"has-text-align-center padding-10t has-white-color has-text-color has-link-color wp-elements-9b93eede6225d4b6b13fd67db741c225\" id=\"description-text-3\" style=\"font-size:18px;font-style:normal;font-weight:500\">I migliori 10 creator selezionati da Buzzoole saranno presentati a Forbes,<br> che decreter\u00e0 il vincitore assoluto dei Top Creators Awards 2025.<\/p>\n\n\n\n<p class=\"has-text-align-center has-text-color has-link-color wp-elements-c0f427cc97e0e274c142f12fc9b280c0\" id=\"candidati-btn\" style=\"color:#008450;font-size:30px;font-style:normal;font-weight:800\"><a href=\"https:\/\/creators.buzzoole.com\/#?brandReferral=d1YsoXy5ZBAo35nDNsZcBSLG\">CANDIDATI ORA<\/a><\/p>\n\n\n\n<p class=\"has-text-align-center has-small-font-size\"><em>Inviando la tua candidatura dichiari di aver preso visione e accettato il regolamento del contest e la sua relativa informativa privacy. Solo in caso ci fosse la necessit\u00e0, potrebbero esserti richieste informazioni aggiuntive tramite l&#8217;indirizzo email da te utilizzato per l&#8217;iscrizione all&#8217;App di Buzzoole.<\/em><\/p>\n\n\n\n<p class=\"has-text-align-center padding-20t has-white-color has-text-color has-link-color wp-elements-ce08fd22aeb04a39477f5e0e3d55d8a7\" style=\"text-decoration:underline\"><a href=\"http:\/\/eventi.forbes.it\/top-creators-awards\/wp-content\/uploads\/sites\/5\/2025\/09\/TCA_Modulo_Autocandidature_Creator_e_Regolamento_Awards.pdf\" target=\"_blank\" rel=\"noreferrer noopener\">Disclaimer legale<\/a><\/p>\n<\/div>\n","protected":false},"excerpt":{"rendered":"<p>Forbes Italia e Buzzoole premiano i protagonisti della creator economy, tra nuovi talenti e volti affermati. Quest\u2019anno il contest introduce due nuove categorie speciali dedicate a chi sa unire creativit\u00e0, autenticit\u00e0 e performance: UGC Trasforma autenticit\u00e0 e stile in contenuti che ispirano. TikTok Shop Promuovi prodotti in modo originale e coinvolgente. + Come partecipare Cliccando [&hellip;]<\/p>\n","protected":false},"author":16,"featured_media":0,"parent":0,"menu_order":0,"comment_status":"closed","ping_status":"closed","template":"","meta":{"_acf_changed":false,"inline_featured_image":false,"footnotes":""},"class_list":["post-3981","page","type-page","status-publish","hentry"],"acf":[],"yoast_head":"<!-- This site is optimized with the Yoast SEO plugin v27.5 - https:\/\/yoast.com\/product\/yoast-seo-wordpress\/ -->\n<title>Contest e Partecipazione - Top Creators Awards<\/title>\n<meta name=\"robots\" content=\"index, follow, max-snippet:-1, max-image-preview:large, max-video-preview:-1\" \/>\n<link rel=\"canonical\" href=\"https:\/\/eventi.forbes.it\/top-creators-awards\/contest-e-partecipazione\/\" \/>\n<meta property=\"og:locale\" content=\"en_US\" \/>\n<meta property=\"og:type\" content=\"article\" \/>\n<meta property=\"og:title\" content=\"Contest e Partecipazione - Top Creators Awards\" \/>\n<meta property=\"og:description\" content=\"Forbes Italia e Buzzoole premiano i protagonisti della creator economy, tra nuovi talenti e volti affermati. Quest\u2019anno il contest introduce due nuove categorie speciali dedicate a chi sa unire creativit\u00e0, autenticit\u00e0 e performance: UGC Trasforma autenticit\u00e0 e stile in contenuti che ispirano. TikTok Shop Promuovi prodotti in modo originale e coinvolgente. + Come partecipare Cliccando [&hellip;]\" \/>\n<meta property=\"og:url\" content=\"https:\/\/eventi.forbes.it\/top-creators-awards\/contest-e-partecipazione\/\" \/>\n<meta property=\"og:site_name\" content=\"Top Creators Awards\" \/>\n<meta property=\"article:modified_time\" content=\"2025-09-09T15:24:51+00:00\" \/>\n<meta name=\"twitter:card\" content=\"summary_large_image\" \/>\n<meta name=\"twitter:label1\" content=\"Est. reading time\" \/>\n\t<meta name=\"twitter:data1\" content=\"2 minutes\" \/>\n<script type=\"application\/ld+json\" class=\"yoast-schema-graph\">{\"@context\":\"https:\\\/\\\/schema.org\",\"@graph\":[{\"@type\":\"WebPage\",\"@id\":\"https:\\\/\\\/eventi.forbes.it\\\/top-creators-awards\\\/contest-e-partecipazione\\\/\",\"url\":\"https:\\\/\\\/eventi.forbes.it\\\/top-creators-awards\\\/contest-e-partecipazione\\\/\",\"name\":\"Contest e Partecipazione - Top Creators Awards\",\"isPartOf\":{\"@id\":\"https:\\\/\\\/eventi.forbes.it\\\/top-creators-awards\\\/#website\"},\"primaryImageOfPage\":{\"@id\":\"https:\\\/\\\/eventi.forbes.it\\\/top-creators-awards\\\/contest-e-partecipazione\\\/#primaryimage\"},\"image\":{\"@id\":\"https:\\\/\\\/eventi.forbes.it\\\/top-creators-awards\\\/contest-e-partecipazione\\\/#primaryimage\"},\"thumbnailUrl\":\"http:\\\/\\\/eventi.forbes.it\\\/top-creators-awards\\\/wp-content\\\/uploads\\\/sites\\\/5\\\/2024\\\/05\\\/Logo-Forbes-Italia-Bianco.svg\",\"datePublished\":\"2025-09-04T01:28:46+00:00\",\"dateModified\":\"2025-09-09T15:24:51+00:00\",\"breadcrumb\":{\"@id\":\"https:\\\/\\\/eventi.forbes.it\\\/top-creators-awards\\\/contest-e-partecipazione\\\/#breadcrumb\"},\"inLanguage\":\"en-US\",\"potentialAction\":[{\"@type\":\"ReadAction\",\"target\":[\"https:\\\/\\\/eventi.forbes.it\\\/top-creators-awards\\\/contest-e-partecipazione\\\/\"]}]},{\"@type\":\"ImageObject\",\"inLanguage\":\"en-US\",\"@id\":\"https:\\\/\\\/eventi.forbes.it\\\/top-creators-awards\\\/contest-e-partecipazione\\\/#primaryimage\",\"url\":\"https:\\\/\\\/eventi.forbes.it\\\/top-creators-awards\\\/wp-content\\\/uploads\\\/sites\\\/5\\\/2024\\\/05\\\/Logo-Forbes-Italia-Bianco.svg\",\"contentUrl\":\"https:\\\/\\\/eventi.forbes.it\\\/top-creators-awards\\\/wp-content\\\/uploads\\\/sites\\\/5\\\/2024\\\/05\\\/Logo-Forbes-Italia-Bianco.svg\"},{\"@type\":\"BreadcrumbList\",\"@id\":\"https:\\\/\\\/eventi.forbes.it\\\/top-creators-awards\\\/contest-e-partecipazione\\\/#breadcrumb\",\"itemListElement\":[{\"@type\":\"ListItem\",\"position\":1,\"name\":\"Home\",\"item\":\"https:\\\/\\\/eventi.forbes.it\\\/top-creators-awards\\\/\"},{\"@type\":\"ListItem\",\"position\":2,\"name\":\"Contest e Partecipazione\"}]},{\"@type\":\"WebSite\",\"@id\":\"https:\\\/\\\/eventi.forbes.it\\\/top-creators-awards\\\/#website\",\"url\":\"https:\\\/\\\/eventi.forbes.it\\\/top-creators-awards\\\/\",\"name\":\"Top Creators Awards\",\"description\":\"\",\"publisher\":{\"@id\":\"https:\\\/\\\/eventi.forbes.it\\\/top-creators-awards\\\/#organization\"},\"potentialAction\":[{\"@type\":\"SearchAction\",\"target\":{\"@type\":\"EntryPoint\",\"urlTemplate\":\"https:\\\/\\\/eventi.forbes.it\\\/top-creators-awards\\\/?s={search_term_string}\"},\"query-input\":{\"@type\":\"PropertyValueSpecification\",\"valueRequired\":true,\"valueName\":\"search_term_string\"}}],\"inLanguage\":\"en-US\"},{\"@type\":\"Organization\",\"@id\":\"https:\\\/\\\/eventi.forbes.it\\\/top-creators-awards\\\/#organization\",\"name\":\"Top Creators Awards\",\"url\":\"https:\\\/\\\/eventi.forbes.it\\\/top-creators-awards\\\/\",\"logo\":{\"@type\":\"ImageObject\",\"inLanguage\":\"en-US\",\"@id\":\"https:\\\/\\\/eventi.forbes.it\\\/top-creators-awards\\\/#\\\/schema\\\/logo\\\/image\\\/\",\"url\":\"https:\\\/\\\/eventi.forbes.it\\\/top-creators-awards\\\/wp-content\\\/uploads\\\/sites\\\/5\\\/2025\\\/09\\\/Logo-TCA.svg\",\"contentUrl\":\"https:\\\/\\\/eventi.forbes.it\\\/top-creators-awards\\\/wp-content\\\/uploads\\\/sites\\\/5\\\/2025\\\/09\\\/Logo-TCA.svg\",\"caption\":\"Top Creators Awards\"},\"image\":{\"@id\":\"https:\\\/\\\/eventi.forbes.it\\\/top-creators-awards\\\/#\\\/schema\\\/logo\\\/image\\\/\"}}]}<\/script>\n<!-- \/ Yoast SEO plugin. -->","yoast_head_json":{"title":"Contest e Partecipazione - Top Creators Awards","robots":{"index":"index","follow":"follow","max-snippet":"max-snippet:-1","max-image-preview":"max-image-preview:large","max-video-preview":"max-video-preview:-1"},"canonical":"https:\/\/eventi.forbes.it\/top-creators-awards\/contest-e-partecipazione\/","og_locale":"en_US","og_type":"article","og_title":"Contest e Partecipazione - Top Creators Awards","og_description":"Forbes Italia e Buzzoole premiano i protagonisti della creator economy, tra nuovi talenti e volti affermati. Quest\u2019anno il contest introduce due nuove categorie speciali dedicate a chi sa unire creativit\u00e0, autenticit\u00e0 e performance: UGC Trasforma autenticit\u00e0 e stile in contenuti che ispirano. TikTok Shop Promuovi prodotti in modo originale e coinvolgente. + Come partecipare Cliccando [&hellip;]","og_url":"https:\/\/eventi.forbes.it\/top-creators-awards\/contest-e-partecipazione\/","og_site_name":"Top Creators Awards","article_modified_time":"2025-09-09T15:24:51+00:00","twitter_card":"summary_large_image","twitter_misc":{"Est. reading time":"2 minutes"},"schema":{"@context":"https:\/\/schema.org","@graph":[{"@type":"WebPage","@id":"https:\/\/eventi.forbes.it\/top-creators-awards\/contest-e-partecipazione\/","url":"https:\/\/eventi.forbes.it\/top-creators-awards\/contest-e-partecipazione\/","name":"Contest e Partecipazione - Top Creators Awards","isPartOf":{"@id":"https:\/\/eventi.forbes.it\/top-creators-awards\/#website"},"primaryImageOfPage":{"@id":"https:\/\/eventi.forbes.it\/top-creators-awards\/contest-e-partecipazione\/#primaryimage"},"image":{"@id":"https:\/\/eventi.forbes.it\/top-creators-awards\/contest-e-partecipazione\/#primaryimage"},"thumbnailUrl":"http:\/\/eventi.forbes.it\/top-creators-awards\/wp-content\/uploads\/sites\/5\/2024\/05\/Logo-Forbes-Italia-Bianco.svg","datePublished":"2025-09-04T01:28:46+00:00","dateModified":"2025-09-09T15:24:51+00:00","breadcrumb":{"@id":"https:\/\/eventi.forbes.it\/top-creators-awards\/contest-e-partecipazione\/#breadcrumb"},"inLanguage":"en-US","potentialAction":[{"@type":"ReadAction","target":["https:\/\/eventi.forbes.it\/top-creators-awards\/contest-e-partecipazione\/"]}]},{"@type":"ImageObject","inLanguage":"en-US","@id":"https:\/\/eventi.forbes.it\/top-creators-awards\/contest-e-partecipazione\/#primaryimage","url":"https:\/\/eventi.forbes.it\/top-creators-awards\/wp-content\/uploads\/sites\/5\/2024\/05\/Logo-Forbes-Italia-Bianco.svg","contentUrl":"https:\/\/eventi.forbes.it\/top-creators-awards\/wp-content\/uploads\/sites\/5\/2024\/05\/Logo-Forbes-Italia-Bianco.svg"},{"@type":"BreadcrumbList","@id":"https:\/\/eventi.forbes.it\/top-creators-awards\/contest-e-partecipazione\/#breadcrumb","itemListElement":[{"@type":"ListItem","position":1,"name":"Home","item":"https:\/\/eventi.forbes.it\/top-creators-awards\/"},{"@type":"ListItem","position":2,"name":"Contest e Partecipazione"}]},{"@type":"WebSite","@id":"https:\/\/eventi.forbes.it\/top-creators-awards\/#website","url":"https:\/\/eventi.forbes.it\/top-creators-awards\/","name":"Top Creators Awards","description":"","publisher":{"@id":"https:\/\/eventi.forbes.it\/top-creators-awards\/#organization"},"potentialAction":[{"@type":"SearchAction","target":{"@type":"EntryPoint","urlTemplate":"https:\/\/eventi.forbes.it\/top-creators-awards\/?s={search_term_string}"},"query-input":{"@type":"PropertyValueSpecification","valueRequired":true,"valueName":"search_term_string"}}],"inLanguage":"en-US"},{"@type":"Organization","@id":"https:\/\/eventi.forbes.it\/top-creators-awards\/#organization","name":"Top Creators Awards","url":"https:\/\/eventi.forbes.it\/top-creators-awards\/","logo":{"@type":"ImageObject","inLanguage":"en-US","@id":"https:\/\/eventi.forbes.it\/top-creators-awards\/#\/schema\/logo\/image\/","url":"https:\/\/eventi.forbes.it\/top-creators-awards\/wp-content\/uploads\/sites\/5\/2025\/09\/Logo-TCA.svg","contentUrl":"https:\/\/eventi.forbes.it\/top-creators-awards\/wp-content\/uploads\/sites\/5\/2025\/09\/Logo-TCA.svg","caption":"Top Creators Awards"},"image":{"@id":"https:\/\/eventi.forbes.it\/top-creators-awards\/#\/schema\/logo\/image\/"}}]}},"_links":{"self":[{"href":"https:\/\/eventi.forbes.it\/top-creators-awards\/wp-json\/wp\/v2\/pages\/3981","targetHints":{"allow":["GET"]}}],"collection":[{"href":"https:\/\/eventi.forbes.it\/top-creators-awards\/wp-json\/wp\/v2\/pages"}],"about":[{"href":"https:\/\/eventi.forbes.it\/top-creators-awards\/wp-json\/wp\/v2\/types\/page"}],"author":[{"embeddable":true,"href":"https:\/\/eventi.forbes.it\/top-creators-awards\/wp-json\/wp\/v2\/users\/16"}],"replies":[{"embeddable":true,"href":"https:\/\/eventi.forbes.it\/top-creators-awards\/wp-json\/wp\/v2\/comments?post=3981"}],"version-history":[{"count":74,"href":"https:\/\/eventi.forbes.it\/top-creators-awards\/wp-json\/wp\/v2\/pages\/3981\/revisions"}],"predecessor-version":[{"id":4215,"href":"https:\/\/eventi.forbes.it\/top-creators-awards\/wp-json\/wp\/v2\/pages\/3981\/revisions\/4215"}],"wp:attachment":[{"href":"https:\/\/eventi.forbes.it\/top-creators-awards\/wp-json\/wp\/v2\/media?parent=3981"}],"curies":[{"name":"wp","href":"https:\/\/api.w.org\/{rel}","templated":true}]}}